{"id":61,"date":"2015-09-20T07:18:25","date_gmt":"2015-09-20T12:18:25","guid":{"rendered":"http:\/\/para.llel.us\/themes\/goexplore\/demo\/?page_id=61"},"modified":"2016-05-14T11:56:24","modified_gmt":"2016-05-14T11:56:24","slug":"contactenos","status":"publish","type":"page","link":"https:\/\/haciendalaalegria.com\/es\/contactenos\/","title":{"rendered":"Cont\u00e1ctenos"},"content":{"rendered":"\t\t\t\t\t<div id=\"huge_it_google_map417380_container\">\r\n\t\t\t\t\t\t<div id=\"huge_it_google_map417380\" style=\"position:relative !important;height:500px; width:100%;\r\n\t\t\t\t\t\tborder-radius:0px !important; \r\n\t\t\t\t\t\t\t\t\t\t\t\t\t\t\tmargin:0px auto !important;\r\n\t\t\t\t\t\t\t\t\tfloat:none;\r\n\t\t\t\t\t\t\t\t\" >\r\n\t\t\t\t\t\t<\/div>\r\n\t\t\t\t\t<\/div>\r\n\t\t\t\t\t\t<style>\r\n\t\t\t\t\t\t\t#huge_it_google_map417380 img {\r\n\t\t\t\t\t\t\t\tmax-width: none;\r\n                                                                visibility:visible !important;\r\n\t\t\t\t\t\t\t}\r\n\t\t\t\t\t\t<\/style>\r\n\t\t\t\t\t<script>\r\n\t\t\t\t\t\tjQuery(document).ready(function(){\r\n\t\t\t\t\t\t\tvar marker = [];\r\n\t\t\t\t\t\t\tvar polygone=[];\r\n\t\t\t\t\t\t\tvar polyline = [];\r\n\t\t\t\t\t\t\tvar polylinepoints;\r\n\t\t\t\t\t\t\tvar newpolylinecoords = [];\r\n\t\t\t\t\t\t\tvar polygonpoints;\r\n\t\t\t\t\t\t\tvar polygoncoords = [];\r\n\t\t\t\t\t\t\tvar newcircle=[];\r\n\t\t\t\t\t\t\tvar infowindow = [];\r\n\t\t\t\t\t\t\tvar newcirclemarker=[];\r\n\t\t\t\t\t\t\tvar circlepoint;\r\n\t\t\t\t\t\t\tvar width = jQuery(\"#huge_it_google_map417380\").width();\r\n\t\t\t\t\t\t\tvar height = jQuery(\"#huge_it_google_map417380\").height();\r\n\t\t\t\t\t\t\tfunction bindInfoWindow(marker, map, infowindow, description, info_type){\r\n\t\t\t\t\t\t\t\tgoogle.maps.event.addListener(marker, 'click', function() {\r\n\t\t\t\t\t\t\t\t\tinfowindow.setContent(description);\r\n\t\t\t\t\t\t\t\t\tinfowindow.open(map, marker);\r\n\t\t\t\t\t\t\t\t});\r\n\t\t\t\t\t\t\t}\r\n\t\t\t\t\t\t\tjQuery(document).on(\"click tap drag scroll\",function(e){\r\n\t\t\t\t\t\t\t\tif(window.matchMedia('(max-width:768px)').matches){\r\n\t\t\t\t\t\t\t\t\tvar container = jQuery(\"#huge_it_google_map417380\");\r\n\t\t\t\t\t\t\t\t\tif (!container.is(e.target) && container.has(e.target).length === 0){\r\n\t\t\t\t\t\t\t\t\t\tfront_end_map.setOptions({\r\n\t\t\t\t\t\t\t\t\t\t\tdraggable:false,\r\n\t\t\t\t\t\t\t\t\t\t\tscrollwheel: false,\r\n\t\t\t\t\t\t\t\t\t\t});\r\n\t\t\t\t\t\t\t\t\t}else{\r\n\t\t\t\t\t\t\t\t\t\tfront_end_map.setOptions({\r\n\t\t\t\t\t\t\t\t\t\t\tdraggable:true,\r\n\t\t\t\t\t\t\t\t\t\t\tscrollwheel: true,\r\n\t\t\t\t\t\t\t\t\t\t});\r\n\t\t\t\t\t\t\t\t\t}\r\n\t\t\t\t\t\t\t\t}\r\n\t\t\t\t\t\t\t\t\r\n\t\t\t\t\t\t\t})\r\n\t\t\t\t\t\t\tvar div = parseInt(width)\/parseInt(height);\r\n\t\t\t\t\t\t\tjQuery(window).on(\"resize\",function(){\r\n\t\t\t\t\t\t\t\tvar newwidth = jQuery(\"#huge_it_google_map417380\").width();\r\n\t\t\t\t\t\t\t\tvar newheight = parseInt(newwidth)\/parseInt(div)+\"px\";\r\n\t\t\t\t\t\t\t\tjQuery(\"#huge_it_google_map417380\").height(newheight);\r\n\t\t\t\t\t\t\t})\r\n\t\t\t\t\t\t\t\r\n\t\t\t\t\t\t\tvar center_lat = -0.450873;\r\n\t\t\t\t\t\t\tvar center_lng = -78.583231;\r\n\t\t\t\t\t\t\tvar center_coords = new google.maps.LatLng(center_lat,center_lng);\r\n\t\t\t\t\t\t\tvar frontEndMapOptions = {\r\n\t\t\t\t\t\t\t\tzoom:parseInt(16),\r\n\t\t\t\t\t\t\t\tcenter: center_coords,\r\n\t\t\t\t\t\t\t\tdisableDefaultUI: true,\r\n\t\t\t\t\t\t\t\tpanControl: false,\r\n\t\t\t\t\t\t\t\tzoomControl: true,\r\n\t\t\t\t\t\t\t\tmapTypeControl: true,\r\n\t\t\t\t\t\t\t\tscaleControl: true,\r\n\t\t\t\t\t\t\t\tstreetViewControl: true,\r\n\t\t\t\t\t\t\t\toverviewMapControl: false,\r\n\t\t\t\t\t\t\t\tmapTypeId : google.maps.MapTypeId.ROADMAP,\r\n\t\t\t\t\t\t\t\tminZoom:10,\r\n\t\t\t\t\t\t\t\tmaxZoom:14\t\t\t\t\t\t\t}\r\n\t\t\t\t\t\t\tvar front_end_map = new google.maps.Map(document.getElementById('huge_it_google_map417380'),frontEndMapOptions)\r\n\t\t\t\t\t\t\t\r\n\t\t\t\t\t\t\tif(window.matchMedia('(max-width:768px)').matches){\r\n\t\t\t\t\t\t\t\tfront_end_map.setOptions({\r\n\t\t\t\t\t\t\t\t\tdraggable:false,\r\n\t\t\t\t\t\t\t\t\tscrollwheel:false,\r\n\t\t\t\t\t\t\t\t});\r\n\t\t\t\t\t\t\t}else{\r\n\t\t\t\t\t\t\t\tfront_end_map.setOptions({\r\n\t\t\t\t\t\t\t\t\tdraggable:true,\r\n\t\t\t\t\t\t\t\t\tscrollwheel:true,\r\n\t\t\t\t\t\t\t\t});\r\n\t\t\t\t\t\t\t}\r\n\t\t\t\t\t\t\t\r\n\t\t\t\t\t\t\t\r\n\t\t\t\t\t\t\tvar front_end_data= {\r\n\t\t\t\t\t\t\t\taction: 'g_map_options',\r\n\t\t\t\t\t\t\t\ttask:\"getxml\",\r\n\t\t\t\t\t\t\t\tmap_id:1,\r\n\t\t\t\t\t\t\t}\r\n\t\t\t\t\t\t\tjQuery.post(\"https:\/\/haciendalaalegria.com\/es\/wp-admin\/admin-ajax.php\", front_end_data, function(response){\r\n\t\t\t\t\t\t\t\tif(response.success)\r\n\t\t\t\t\t\t\t\t{\r\n\t\t\t\t\t\t\t\t\tvar xml = jQuery.parseXML(response.success);\r\n\t\t\t\t\t\t\t\t\tvar markers = xml.documentElement.getElementsByTagName(\"marker\");\r\n\t\t\t\t\t\t\t\t\tfor(var i = 0; i < markers.length; i++)\r\n\t\t\t\t\t\t\t\t\t{\r\n\t\t\t\t\t\t\t\t\t\tvar name = markers[i].getAttribute(\"name\");\r\n\t\t\t\t\t\t\t\t\t\tvar address = markers[i].getAttribute(\"address\");\r\n\t\t\t\t\t\t\t\t\t\tvar anim = markers[i].getAttribute(\"animation\");\r\n\t\t\t\t\t\t\t\t\t\tvar description = markers[i].getAttribute(\"description\");\r\n\t\t\t\t\t\t\t\t\t\tvar point = new google.maps.LatLng(\r\n\t\t\t\t\t\t\t\t\t\t\tparseFloat(markers[i].getAttribute(\"lat\")),\r\n\t\t\t\t\t\t\t\t\t\t\tparseFloat(markers[i].getAttribute(\"lng\")));\r\n\t\t\t\t\t\t\t\t\t\tvar html = \"<b>\" + name + \"<\/b> <br\/>\" + address;\r\n\t\t\t\t\t\t\t\t\t\tif(anim == 'DROP'){\r\n\t\t\t\t\t\t\t\t\t\t\tmarker[i] = new google.maps.Marker({\r\n\t\t\t\t\t\t\t\t\t\t\tmap: front_end_map,\r\n\t\t\t\t\t\t\t\t\t\t\tposition: point,\r\n\t\t\t\t\t\t\t\t\t\t\ttitle: name,\r\n\t\t\t\t\t\t\t\t\t\t\tcontent: description,\r\n\t\t\t\t\t\t\t\t\t\t\tanimation: google.maps.Animation.DROP,\r\n\t\t\t\t\t\t\t\t\t\t\t});\r\n\t\t\t\t\t\t\t\t\t\t}\r\n\t\t\t\t\t\t\t\t\t\tif(anim == 'BOUNCE'){\r\n\t\t\t\t\t\t\t\t\t\tmarker[i] = new google.maps.Marker({\r\n\t\t\t\t\t\t\t\t\t\t\tmap: front_end_map,\r\n\t\t\t\t\t\t\t\t\t\t\tposition: point,\r\n\t\t\t\t\t\t\t\t\t\t\ttitle: name,\r\n\t\t\t\t\t\t\t\t\t\t\tcontent: description,\r\n\t\t\t\t\t\t\t\t\t\t\tanimation: google.maps.Animation.BOUNCE\r\n\t\t\t\t\t\t\t\t\t\t\t});\r\n\t\t\t\t\t\t\t\t\t\t}\r\n\t\t\t\t\t\t\t\t\t\tif(anim == 'NONE'){\r\n\t\t\t\t\t\t\t\t\t\t\tmarker[i] = new google.maps.Marker({\r\n\t\t\t\t\t\t\t\t\t\t\t\tmap: front_end_map,\r\n\t\t\t\t\t\t\t\t\t\t\t\tposition: point,\r\n\t\t\t\t\t\t\t\t\t\t\t\tcontent: description,\r\n\t\t\t\t\t\t\t\t\t\t\t\ttitle: name,\r\n\t\t\t\t\t\t\t\t\t\t\t});\r\n\t\t\t\t\t\t\t\t\t\t}\r\n\t\t\t\t\t\t\t\t\t\tinfowindow[i] = new google.maps.InfoWindow;\r\n\t\t\t\t\t\t\t\t\t\tbindInfoWindow(marker[i], front_end_map, infowindow[i], description, \"click\");\r\n\t\t\t\t\t\t\t\t\t}\r\n\t\t\t\t\t\t\t\t\tvar polygones = xml.documentElement.getElementsByTagName(\"polygone\");\r\n\t\t\t\t\t\t\t\t\tfor(var i = 0; i < polygones.length; i++)\r\n\t\t\t\t\t\t\t\t\t{\r\n\t\t\t\t\t\t\t\t\t\tvar name = polygones[i].getAttribute(\"name\");\r\n\t\t\t\t\t\t\t\t\t\tvar line_opacity = polygones[i].getAttribute(\"line_opacity\");\r\n\t\t\t\t\t\t\t\t\t\tvar line_color = \"#\"+polygones[i].getAttribute(\"line_color\");\r\n\t\t\t\t\t\t\t\t\t\tvar fill_opacity = polygones[i].getAttribute(\"fill_opacity\");\r\n\t\t\t\t\t\t\t\t\t\tvar line_width = polygones[i].getAttribute(\"line_width\");\r\n\t\t\t\t\t\t\t\t\t\tvar fill_color = \"#\"+polygones[i].getAttribute(\"fill_color\");\r\n\t\t\t\t\t\t\t\t\t\tvar latlngs = polygones[i].getElementsByTagName(\"latlng\");\r\n\t\t\t\t\t\t\t\t\t\tpolygoncoords = [];\r\n\t\t\t\t\t\t\t\t\t\tfor(var j = 0; j < latlngs.length; j++)\r\n\t\t\t\t\t\t\t\t\t\t{\r\n\t\t\t\t\t\t\t\t\t\t\tpolygonpoints = new google.maps.LatLng(parseFloat(latlngs[j].getAttribute(\"lat\")),\r\n\t\t\t\t\t\t\t\t\t\t\t\tparseFloat(latlngs[j].getAttribute(\"lng\")))\r\n\t\t\t\t\t\t\t\t\t\t\tpolygoncoords.push(polygonpoints)\r\n\t\t\t\t\t\t\t\t\t\t}\r\n\t\t\t\t\t\t\t\t\t\t\/\/alert(polygoncoords);\r\n\t\t\t\t\t\t\t\t\t\tpolygone[i] = new google.maps.Polygon({\r\n\t\t\t\t\t\t\t\t\t\t\tpaths : polygoncoords,\r\n\t\t\t\t\t\t\t\t\t\t\tmap: front_end_map,\r\n\t\t\t\t\t\t\t\t\t\t\tstrokeOpacity: line_opacity,\r\n\t\t\t\t\t\t\t\t\t\t\tstrokeColor:line_color,\r\n\t\t\t\t\t\t\t\t\t\t\tstrokeWeight:line_width,\r\n\t\t\t\t\t\t\t\t\t\t\tfillOpacity:fill_opacity,\r\n\t\t\t\t\t\t\t\t\t\t\tfillColor:fill_color,\r\n\t\t\t\t\t\t\t\t\t\t\tdraggable:false,\r\n\t\t\t\t\t\t\t\t\t\t});\r\n\t\t\t\t\t\t\t\t\t}\r\n\t\t\t\t\t\t\t\t\tvar polylines = xml.documentElement.getElementsByTagName(\"polyline\");\r\n\t\t\t\t\t\t\t\t\tfor(var i = 0; i< polylines.length; i++)\r\n\t\t\t\t\t\t\t\t\t{\r\n\t\t\t\t\t\t\t\t\t\tvar name = polylines[i].getAttribute(\"name\");\r\n\t\t\t\t\t\t\t\t\t\tvar line_opacity = polylines[i].getAttribute(\"line_opacity\");\r\n\t\t\t\t\t\t\t\t\t\tvar line_color = polylines[i].getAttribute(\"line_color\");\r\n\t\t\t\t\t\t\t\t\t\tvar line_width = polylines[i].getAttribute(\"line_width\");\r\n\t\t\t\t\t\t\t\t\t\tvar latlngs = polylines[i].getElementsByTagName(\"latlng\");\r\n\t\t\t\t\t\t\t\t\t\tnewpolylinecoords =[];\r\n\t\t\t\t\t\t\t\t\t\tfor(var j = 0; j < latlngs.length; j++)\r\n\t\t\t\t\t\t\t\t\t\t{\r\n\t\t\t\t\t\t\t\t\t\t\tpolylinepoints = new google.maps.LatLng(parseFloat(latlngs[j].getAttribute(\"lat\")),\r\n\t\t\t\t\t\t\t\t\t\t\t\tparseFloat(latlngs[j].getAttribute(\"lng\")))\r\n\t\t\t\t\t\t\t\t\t\t\tnewpolylinecoords.push(polylinepoints)\r\n\t\t\t\t\t\t\t\t\t\t}\r\n\t\t\t\t\t\t\t\t\t\tpolyline[i] = new google.maps.Polyline({\r\n\t\t\t\t\t\t\t\t\t\t\tpath:newpolylinecoords,\r\n\t\t\t\t\t\t\t\t\t\t\tmap:front_end_map,\r\n\t\t\t\t\t\t\t\t\t\t\tstrokeColor:\"#\"+line_color,\r\n\t\t\t\t\t\t\t\t\t\t\tstrokeOpacity:line_opacity,\r\n\t\t\t\t\t\t\t\t\t\t\tstrokeWeight:line_width,\r\n\t\t\t\t\t\t\t\t\t\t})\r\n\t\t\t\t\t\t\t\t\t}\r\n\t\t\t\t\t\t\t\t\tvar circles = xml.documentElement.getElementsByTagName(\"circle\");\r\n\t\t\t\t\t\t\t\t\tfor(var i = 0; i< circles.length; i++)\r\n\t\t\t\t\t\t\t\t\t{\r\n\t\t\t\t\t\t\t\t\t\tvar circle_name =circles[i].getAttribute(\"name\");\r\n\t\t\t\t\t\t\t\t\t\tvar circle_center_lat = circles[i].getAttribute(\"center_lat\");\r\n\t\t\t\t\t\t\t\t\t\tvar circle_center_lng = circles[i].getAttribute(\"center_lng\");\r\n\t\t\t\t\t\t\t\t\t\tvar circle_radius = circles[i].getAttribute(\"radius\");\r\n\t\t\t\t\t\t\t\t\t\tvar circle_line_width = circles[i].getAttribute(\"line_width\");\r\n\t\t\t\t\t\t\t\t\t\tvar circle_line_color = circles[i].getAttribute(\"line_color\");\r\n\t\t\t\t\t\t\t\t\t\tvar circle_line_opacity = circles[i].getAttribute(\"line_opacity\");\r\n\t\t\t\t\t\t\t\t\t\tvar circle_fill_color = circles[i].getAttribute(\"fill_color\");\r\n\t\t\t\t\t\t\t\t\t\tvar circle_fill_opacity = circles[i].getAttribute(\"fill_opacity\");\r\n\t\t\t\t\t\t\t\t\t\tvar circle_show_marker = parseInt(circles[i].getAttribute(\"show_marker\"));\r\n\t\t\t\t\t\t\t\t\t\tcirclepoint = new google.maps.LatLng(parseFloat(circles[i].getAttribute(\"center_lat\")),\r\n\t\t\t\t\t\t\t\t\t\tparseFloat(circles[i].getAttribute(\"center_lng\")));\r\n\t\t\t\t\t\t\t\t\t\tnewcircle[i] = new google.maps.Circle({\r\n\t\t\t\t\t\t\t\t\t\t\tmap:front_end_map,\r\n\t\t\t\t\t\t\t\t\t\t\tcenter:circlepoint,\r\n\t\t\t\t\t\t\t\t\t\t\ttitle:name,\r\n\t\t\t\t\t\t\t\t\t\t\tradius:parseInt(circle_radius),\r\n\t\t\t\t\t\t\t\t\t\t\tstrokeColor:\"#\"+circle_line_color,\r\n\t\t\t\t\t\t\t\t\t\t\tstrokeOpacity:circle_line_opacity,\r\n\t\t\t\t\t\t\t\t\t\t\tstrokeWeight:circle_line_width,\r\n\t\t\t\t\t\t\t\t\t\t\tfillColor:\"#\"+circle_fill_color,\r\n\t\t\t\t\t\t\t\t\t\t\tfillOpacity:circle_fill_opacity\r\n\t\t\t\t\t\t\t\t\t\t})\r\n\t\t\t\t\t\t\t\t\t\tif(circle_show_marker == '1')\r\n\t\t\t\t\t\t\t\t\t\t{\r\n\t\t\t\t\t\t\t\t\t\t\tnewcirclemarker[i] = new google.maps.Marker({\r\n\t\t\t\t\t\t\t\t\t\t\t\tposition:circlepoint,\r\n\t\t\t\t\t\t\t\t\t\t\t\tmap:front_end_map,\r\n\t\t\t\t\t\t\t\t\t\t\t\ttitle:circle_name,\r\n\t\t\t\t\t\t\t\t\t\t\t})\r\n\t\t\t\t\t\t\t\t\t\t}\r\n\t\t\t\t\t\t\t\t\t}\r\n\t\t\t\t\t\t\t\t\t\r\n\t\t\t\t\t\t\t\t}\r\n\t\t\t\t\t\t\t},\"json\")\r\n\t\t\t\t\t\t})\r\n\t\t\t\t\t<\/script>\r\n\t\t\t\t\n<div style=\"text-align: center;\">\n<h2><span class=\"notranslate\">Como llegar a la Hacienda.<\/span><\/h2>\n<p><em>Si viene de Quito:<\/em><\/p>\n<p><em>Tomar la autopista SIMON BOLIVAR en direcci\u00f3n Sur para luego continuar por el CORREDOR PERIFERICO en direcci\u00f3n sur, se llega al intercambiador de Sta Rosa y se continua por la Panamericana Sur (direcci\u00f3n Sur), pasar la poblaci\u00f3n de Tambillo, continuar 4 kilometros, tomar el desv\u00edo a Sto Domingo (a la Costa) por dos kil\u00f3metros, pasar rompe velocidades, letrero de Porta, curvar a la derecha por la ferreter\u00eda Discensa, un kil\u00f3metro y medio, caser\u00edo Rumipamba en el adoquinado tomar a la izquierda, pasar puente de cemento, a 400 metros curvar a la izquierda (port\u00f3n blanco de piedra), esta es la entrada a la Hacienda La Alegr\u00eda, subir 800 metros (sin desviarse) hasta llegar a lacasa de hacienda, color amarillo, donde les esperamos. <\/em><\/p>\n<p><em>Adicionalmente hay letreros peque\u00f1os con el nombre HACIENDA LA ALEGRIA. <\/em><\/p>\n<p><em>Si requiere ayuda o se retrasa ll\u00e1menos a: <\/em><\/p>\n<p><em>099-9802526 cel Gabriel <\/em><\/p>\n<p><em>www.haciendalaalegria.com <\/em><\/p>\n<p><em>099-920820 cel Paty<\/em><\/p>\n<p><em>02-2389863 telef Hacienda<\/em><\/p>\n<\/div>\n<p>&nbsp;<\/p>\n<div style=\"text-align: center;\">\n<hr class=\"small\" \/>\n<div style=\"width: 600px; text-align: left; margin: 0 auto;\">\t<div id=\"ninja_forms_form_5_cont\" class=\"ninja-forms-cont\">\n\t\t<div id=\"ninja_forms_form_5_wrap\" class=\"ninja-forms-form-wrap\">\n\t<div id=\"ninja_forms_form_5_response_msg\" style=\"\" class=\"ninja-forms-response-msg \"><\/div>\t<form id=\"ninja_forms_form_5\" enctype=\"multipart\/form-data\" method=\"post\" name=\"\" action=\"https:\/\/haciendalaalegria.com\/es\/wp-admin\/admin-ajax.php?action=ninja_forms_ajax_submit\" class=\"ninja-forms-form\">\n\n\t<input type=\"hidden\" id=\"_wpnonce\" name=\"_wpnonce\" value=\"870870d647\" \/><input type=\"hidden\" name=\"_wp_http_referer\" value=\"\/es\/wp-json\/wp\/v2\/pages\/61\" \/>\t<input type=\"hidden\" name=\"_ninja_forms_display_submit\" value=\"1\">\n\t<input type=\"hidden\" name=\"_form_id\"  id=\"_form_id\" value=\"5\">\n\t\t<div class=\"hp-wrap\">\n\t\t<label>Si usted es un humano y est\u00e1 viendo este \u00e1mbito, por favor deje en blanco.\t\t\t<input type=\"text\" value=\"\" name=\"_0mnBK\">\n\t\t\t<input type=\"hidden\" value=\"_0mnBK\" name=\"_hp_name\">\n\t\t<\/label>\n\t<\/div>\n\t\t<div id=\"ninja_forms_form_5_all_fields_wrap\" class=\"ninja-forms-all-fields-wrap\">\n\t\t\t<div class=\"ninja-forms-required-items\">Fields marked with an <span class=\"ninja-forms-req-symbol\">*<\/span> are required<\/div>\n\t\t\t\t\t\t\t\t<div class=\"field-wrap text-wrap label-above\"  id=\"ninja_forms_field_6_div_wrap\" data-visible=\"1\">\n\t\t\t\t\t\t\t<input type=\"hidden\" id=\"ninja_forms_field_6_type\" value=\"text\">\n\t\t<label for=\"ninja_forms_field_6\" id=\"ninja_forms_field_6_label\" class=\"\">Nombre <span class='ninja-forms-req-symbol'><strong>*<\/strong><\/span>\t\t\t\t<\/label>\n\t\t\t<input id=\"ninja_forms_field_6\" data-mask=\"\" data-input-limit=\"\" data-input-limit-type=\"char\" data-input-limit-msg=\"\" name=\"ninja_forms_field_6\" type=\"text\" placeholder=\"\" class=\"ninja-forms-field  ninja-forms-req \" value=\"\" rel=\"6\"   \/>\n\t\t<div id=\"ninja_forms_field_6_error\" style=\"display:none;\" class=\"ninja-forms-field-error\">\n\t\t<\/div>\n\t\t\t\t\t\t\t<\/div>\n\t\t\t\t\t\t\t\t\t\t\t\t<div class=\"field-wrap text-wrap label-above\"  id=\"ninja_forms_field_7_div_wrap\" data-visible=\"1\">\n\t\t\t\t\t\t\t<input type=\"hidden\" id=\"ninja_forms_field_7_type\" value=\"text\">\n\t\t<label for=\"ninja_forms_field_7\" id=\"ninja_forms_field_7_label\" class=\"\">Email <span class='ninja-forms-req-symbol'><strong>*<\/strong><\/span>\t\t\t\t<\/label>\n\t\t\t<input id=\"ninja_forms_field_7\" data-mask=\"\" data-input-limit=\"\" data-input-limit-type=\"\" data-input-limit-msg=\"\" name=\"ninja_forms_field_7\" type=\"text\" placeholder=\"\" class=\"ninja-forms-field  ninja-forms-req email \" value=\"\" rel=\"7\"   \/>\n\t\t<div id=\"ninja_forms_field_7_error\" style=\"display:none;\" class=\"ninja-forms-field-error\">\n\t\t<\/div>\n\t\t\t\t\t\t\t<\/div>\n\t\t\t\t\t\t\t\t\t\t\t\t<div class=\"field-wrap textarea-wrap label-above\"  id=\"ninja_forms_field_8_div_wrap\" data-visible=\"1\">\n\t\t\t\t\t\t\t<input type=\"hidden\" id=\"ninja_forms_field_8_type\" value=\"textarea\">\n\t\t<label for=\"ninja_forms_field_8\" id=\"ninja_forms_field_8_label\" class=\"\">Mensaje <span class='ninja-forms-req-symbol'><strong>*<\/strong><\/span>\t\t\t\t<\/label>\n\t\t\t\t<textarea name=\"ninja_forms_field_8\" id=\"ninja_forms_field_8\" class=\"ninja-forms-field  ninja-forms-req\" rel=\"8\" data-input-limit=\"\" data-input-limit-type=\"char\" data-input-limit-msg=\"\"><\/textarea>\n\t\t\t<div id=\"ninja_forms_field_8_error\" style=\"display:none;\" class=\"ninja-forms-field-error\">\n\t\t<\/div>\n\t\t\t\t\t\t\t<\/div>\n\t\t\t\t\t\t\t\t\t\t\t\t<div class=\"field-wrap submit-wrap label-above\"  id=\"ninja_forms_field_9_div_wrap\" data-visible=\"1\">\n\t\t\t\t\t\t\t<input type=\"hidden\" id=\"ninja_forms_field_9_type\" value=\"submit\">\n\t<div id=\"nf_submit_5\">\n\t\t<input type=\"submit\" name=\"_ninja_forms_field_9\" class=\"ninja-forms-field \" id=\"ninja_forms_field_9\" value=\"Enviar\" rel=\"9\" >\n\t<\/div>\n\t<div id=\"nf_processing_5\" style=\"display:none;\">\n\t\t<input type=\"submit\" name=\"_ninja_forms_field_9\" class=\"ninja-forms-field \" id=\"ninja_forms_field_9\" value=\"Processing\" rel=\"9\" disabled>\n\t<\/div>\n\t\t<div id=\"ninja_forms_field_9_error\" style=\"display:none;\" class=\"ninja-forms-field-error\">\n\t\t<\/div>\n\t\t\t\t\t\t\t<\/div>\n\t\t\t\t\t\t\t\t\t\t\t\t<div class=\"field-wrap honeypot-wrap label-above\"  id=\"ninja_forms_field_10_div_wrap\" data-visible=\"1\">\n\t\t\t\t\t\t\t<input type=\"hidden\" id=\"ninja_forms_field_10_type\" value=\"honeypot\">\n\t\t<label for=\"ninja_forms_field_10\" id=\"ninja_forms_field_10_label\" class=\"\">If you are a human and are seeing this field, please leave it blank. \t\t\t\t<\/label>\n\t\t\n\t<input id=\"ninja_forms_field_10\" name=\"ninja_forms_field_10\" type=\"text\" class=\"ninja-forms-field \" value=\"\" rel=\"10\" \/>\n\t\t<div id=\"ninja_forms_field_10_error\" style=\"display:none;\" class=\"ninja-forms-field-error\">\n\t\t<\/div>\n\t\t\t\t\t\t\t<\/div>\n\t\t\t\t\t\t\t<\/div>\n\t\t<\/form>\n\t\t<\/div>\n\t\t<\/div>\n\t<\/div>\n<\/div>\n","protected":false},"excerpt":{"rendered":"<p>Como llegar a la Hacienda. Si viene de Quito: Tomar la autopista SIMON BOLIVAR en direcci\u00f3n Sur para luego continuar por el CORREDOR PERIFERICO en direcci\u00f3n sur, se llega al intercambiador de Sta Rosa y se continua por la Panamericana Sur (direcci\u00f3n Sur), pasar la poblaci\u00f3n de Tambillo, continuar 4 kilometros, tomar el desv\u00edo a Sto Domingo (a la Costa) &hellip;<\/p>\n","protected":false},"author":1,"featured_media":0,"parent":0,"menu_order":0,"comment_status":"closed","ping_status":"closed","template":"templates\/page-narrow.php","meta":{"footnotes":""},"class_list":["post-61","page","type-page","status-publish","hentry"],"_links":{"self":[{"href":"https:\/\/haciendalaalegria.com\/es\/wp-json\/wp\/v2\/pages\/61","targetHints":{"allow":["GET"]}}],"collection":[{"href":"https:\/\/haciendalaalegria.com\/es\/wp-json\/wp\/v2\/pages"}],"about":[{"href":"https:\/\/haciendalaalegria.com\/es\/wp-json\/wp\/v2\/types\/page"}],"author":[{"embeddable":true,"href":"https:\/\/haciendalaalegria.com\/es\/wp-json\/wp\/v2\/users\/1"}],"replies":[{"embeddable":true,"href":"https:\/\/haciendalaalegria.com\/es\/wp-json\/wp\/v2\/comments?post=61"}],"version-history":[{"count":8,"href":"https:\/\/haciendalaalegria.com\/es\/wp-json\/wp\/v2\/pages\/61\/revisions"}],"predecessor-version":[{"id":1063,"href":"https:\/\/haciendalaalegria.com\/es\/wp-json\/wp\/v2\/pages\/61\/revisions\/1063"}],"wp:attachment":[{"href":"https:\/\/haciendalaalegria.com\/es\/wp-json\/wp\/v2\/media?parent=61"}],"curies":[{"name":"wp","href":"https:\/\/api.w.org\/{rel}","templated":true}]}}