{"id":791,"date":"2016-02-26T16:34:22","date_gmt":"2016-02-26T16:34:22","guid":{"rendered":"http:\/\/haciendalaalegria.com\/es\/?page_id=791"},"modified":"2016-05-19T16:51:27","modified_gmt":"2016-05-19T16:51:27","slug":"who-are","status":"publish","type":"page","link":"https:\/\/haciendalaalegria.com\/es\/who-are\/","title":{"rendered":"Quienes Somos?"},"content":{"rendered":"<p><iframe loading=\"lazy\" src=\"https:\/\/www.youtube.com\/embed\/LkrRrQsviPg\" width=\"560\" height=\"315\" frameborder=\"0\" allowfullscreen=\"allowfullscreen\"><\/iframe><\/p>\n<p style=\"text-align: justify;\"><span id=\"result_box\" class=\"\" lang=\"es\"><strong>Hacienda La<\/strong> <span class=\"\">Alegria<\/span> es una operacion \u00a0familiar con 90 anos en producci\u00f3n de leche y desde hace 14 anos dedicados al turismo ecuestre.<\/span><\/p>\n<p style=\"text-align: justify;\">Es la casa de los \u00a0Espinosa hay una gran tradici\u00f3n en la actividad hipica, polo, salto y ahora viajes a caballo es la pasi\u00f3n de la familia. Las tres hijas son h\u00edpicas y los nietos Simon, Romina, Andrea y Camila suenan con la llegada \u00a0de las vacaciones para participar de los viajes por la montana. La hacienda tiene 120 hect\u00e1reas donde pastan 240 vacas, 65 caballos que incluyen 30 madres y potros. Los perro border collie Oreo, Sultan, Blackie y Snowie son la atracci\u00f3n de los ni\u00f1os, as\u00ed como las 24 alpacas y llamas.<\/p>\n<p style=\"text-align: justify;\"><span id=\"result_box\" class=\"\" lang=\"es\">Nos encontramos a cuarenta y cinco minutos al sur de la ciudad hist\u00f3rica y colonial <span class=\"\">de Quito<\/span>, capital de Ecuador.<\/span><\/p>\n<p style=\"text-align: justify;\">Disponemos de 11 amplias habitaciones que incluye una suite, atendemos a grupos y a viajeros independientes.<\/p>\n<p style=\"text-align: justify;\">Hacienda La Alegria se especializa en las vacaciones <span class=\"\">a caballo<\/span> en medio de la majestuosidad de los Andes del Ecuador, en el valle de los 9 volcanes del cant\u00f3n Mejia.<\/p>\n<p>Contactos:<\/p>\n<p><img loading=\"lazy\" decoding=\"async\" class=\"alignnone size-medium wp-image-817\" src=\"http:\/\/haciendalaalegria.com\/es\/wp-content\/uploads\/2016\/02\/DSC_9607-300x199.jpg\" alt=\"DSC_9607\" width=\"300\" height=\"199\" srcset=\"https:\/\/haciendalaalegria.com\/es\/wp-content\/uploads\/2016\/02\/DSC_9607-300x199.jpg 300w, https:\/\/haciendalaalegria.com\/es\/wp-content\/uploads\/2016\/02\/DSC_9607-768x511.jpg 768w, https:\/\/haciendalaalegria.com\/es\/wp-content\/uploads\/2016\/02\/DSC_9607-1024x681.jpg 1024w, https:\/\/haciendalaalegria.com\/es\/wp-content\/uploads\/2016\/02\/DSC_9607-1200x798.jpg 1200w, https:\/\/haciendalaalegria.com\/es\/wp-content\/uploads\/2016\/02\/DSC_9607-1624x1080.jpg 1624w\" sizes=\"auto, (max-width: 300px) 100vw, 300px\" \/><\/p>\n<p>Gabriel info@alegriafarm.com 593999802526<\/p>\n<p>&nbsp;<\/p>\n<p><img loading=\"lazy\" decoding=\"async\" class=\"size-medium wp-image-1082\" src=\"http:\/\/haciendalaalegria.com\/es\/wp-content\/uploads\/2016\/05\/P4020045-300x225.jpg\" alt=\"OLYMPUS DIGITAL CAMERA\" width=\"300\" height=\"225\" srcset=\"https:\/\/haciendalaalegria.com\/es\/wp-content\/uploads\/2016\/05\/P4020045-300x225.jpg 300w, https:\/\/haciendalaalegria.com\/es\/wp-content\/uploads\/2016\/05\/P4020045-768x576.jpg 768w, https:\/\/haciendalaalegria.com\/es\/wp-content\/uploads\/2016\/05\/P4020045-1024x768.jpg 1024w, https:\/\/haciendalaalegria.com\/es\/wp-content\/uploads\/2016\/05\/P4020045-1200x900.jpg 1200w, https:\/\/haciendalaalegria.com\/es\/wp-content\/uploads\/2016\/05\/P4020045-800x600.jpg 800w, https:\/\/haciendalaalegria.com\/es\/wp-content\/uploads\/2016\/05\/P4020045.jpg 1306w\" sizes=\"auto, (max-width: 300px) 100vw, 300px\" \/><\/p>\n<p>Paty patydassum@alegriafarm.com 593999920820<\/p>\n<p><img loading=\"lazy\" decoding=\"async\" class=\"alignnone size-medium wp-image-1181\" src=\"http:\/\/haciendalaalegria.com\/es\/wp-content\/uploads\/2016\/02\/IMG_4001-169x300.jpg\" alt=\"IMG_4001\" width=\"169\" height=\"300\" srcset=\"https:\/\/haciendalaalegria.com\/es\/wp-content\/uploads\/2016\/02\/IMG_4001-169x300.jpg 169w, https:\/\/haciendalaalegria.com\/es\/wp-content\/uploads\/2016\/02\/IMG_4001-768x1366.jpg 768w, https:\/\/haciendalaalegria.com\/es\/wp-content\/uploads\/2016\/02\/IMG_4001-576x1024.jpg 576w, https:\/\/haciendalaalegria.com\/es\/wp-content\/uploads\/2016\/02\/IMG_4001-607x1080.jpg 607w, https:\/\/haciendalaalegria.com\/es\/wp-content\/uploads\/2016\/02\/IMG_4001.jpg 899w\" sizes=\"auto, (max-width: 169px) 100vw, 169px\" \/><\/p>\n<p>Camy sales@alegriafarm.com<\/p>\n<p>Telefonos de la Hacienda \u00a059322389863 &#8211; 59323668014<\/p>\n<p style=\"text-align: justify;\">\n","protected":false},"excerpt":{"rendered":"<p>Hacienda La Alegria es una operacion \u00a0familiar con 90 anos en producci\u00f3n de leche y desde hace 14 anos dedicados al turismo ecuestre. Es la casa de los \u00a0Espinosa hay una gran tradici\u00f3n en la actividad hipica, polo, salto y ahora viajes a caballo es la pasi\u00f3n de la familia. Las tres hijas son h\u00edpicas y los nietos Simon, Romina, &hellip;<\/p>\n","protected":false},"author":1,"featured_media":1037,"parent":0,"menu_order":0,"comment_status":"closed","ping_status":"closed","template":"templates\/page-full-width.php","meta":{"footnotes":""},"class_list":["post-791","page","type-page","status-publish","has-post-thumbnail","hentry"],"_links":{"self":[{"href":"https:\/\/haciendalaalegria.com\/es\/wp-json\/wp\/v2\/pages\/791","targetHints":{"allow":["GET"]}}],"collection":[{"href":"https:\/\/haciendalaalegria.com\/es\/wp-json\/wp\/v2\/pages"}],"about":[{"href":"https:\/\/haciendalaalegria.com\/es\/wp-json\/wp\/v2\/types\/page"}],"author":[{"embeddable":true,"href":"https:\/\/haciendalaalegria.com\/es\/wp-json\/wp\/v2\/users\/1"}],"replies":[{"embeddable":true,"href":"https:\/\/haciendalaalegria.com\/es\/wp-json\/wp\/v2\/comments?post=791"}],"version-history":[{"count":11,"href":"https:\/\/haciendalaalegria.com\/es\/wp-json\/wp\/v2\/pages\/791\/revisions"}],"predecessor-version":[{"id":1182,"href":"https:\/\/haciendalaalegria.com\/es\/wp-json\/wp\/v2\/pages\/791\/revisions\/1182"}],"wp:featuredmedia":[{"embeddable":true,"href":"https:\/\/haciendalaalegria.com\/es\/wp-json\/wp\/v2\/media\/1037"}],"wp:attachment":[{"href":"https:\/\/haciendalaalegria.com\/es\/wp-json\/wp\/v2\/media?parent=791"}],"curies":[{"name":"wp","href":"https:\/\/api.w.org\/{rel}","templated":true}]}}