{"id":804,"date":"2016-02-26T17:14:16","date_gmt":"2016-02-26T17:14:16","guid":{"rendered":"http:\/\/haciendalaalegria.com\/es\/?page_id=804"},"modified":"2016-05-19T16:33:26","modified_gmt":"2016-05-19T16:33:26","slug":"horse-riding","status":"publish","type":"page","link":"https:\/\/haciendalaalegria.com\/es\/horse-riding\/","title":{"rendered":"Viajar a caballo"},"content":{"rendered":"    <style>      #bwg_container1_0 #bwg_container2_0 .bwg_standart_thumbnails_0 * {        -moz-box-sizing: border-box;        box-sizing: border-box;      }      #bwg_container1_0 #bwg_container2_0 .bwg_standart_thumb_spun1_0 {        -moz-box-sizing: content-box;        box-sizing: content-box;        background-color: #FFFFFF;        display: inline-block;        height: 90px;        margin: 4px;        padding: 0px;        opacity: 1.00;        filter: Alpha(opacity=100);        text-align: center;        vertical-align: middle;        transition: all 0.3s ease 0s;-webkit-transition: all 0.3s ease 0s;        width: 180px;        z-index: 100;      }      #bwg_container1_0 #bwg_container2_0 .bwg_standart_thumb_spun1_0:hover {        -ms-transform: scale(1.1);        -webkit-transform: scale(1.1);        backface-visibility: hidden;        -webkit-backface-visibility: hidden;        -moz-backface-visibility: hidden;        -ms-backface-visibility: hidden;        opacity: 1;        filter: Alpha(opacity=100);        transform: scale(1.1);        z-index: 102;        position: relative;      }      #bwg_container1_0 #bwg_container2_0 .bwg_standart_thumb_spun2_0 {        border: 0px none #CCCCCC;        border-radius: 0;        box-shadow: 0px 0px 0px #888888;        display: inline-block;        height: 90px;        overflow: hidden;        width: 180px;      }      #bwg_container1_0 #bwg_container2_0 .bwg_standart_thumbnails_0 {        background-color: rgba(255, 255, 255, 0.00);        display: inline-block;        font-size: 0;        max-width: 960px;        text-align: center;      }      #bwg_container1_0 #bwg_container2_0 .bwg_standart_thumb_0 {        display: inline-block;        text-align: center;      }            #bwg_container1_0 #bwg_container2_0 .bwg_standart_thumb_spun1_0:hover .bwg_title_spun1_0 {        left: 0px;        top: 0px;        opacity: 1;        filter: Alpha(opacity=100);      }      #bwg_container1_0 #bwg_container2_0 .bwg_title_spun2_0 {        color: #CCCCCC;        display: table-cell;        font-family: segoe ui;        font-size: 16px;        font-weight: bold;        height: inherit;        padding: 2px;        text-shadow: 0px 0px 0px #888888;        vertical-align: middle;        width: inherit;        word-wrap: break-word;      }      \/*pagination styles*\/      #bwg_container1_0 #bwg_container2_0 .tablenav-pages_0 {        text-align: center;        font-size: 12px;        font-family: segoe ui;        font-weight: bold;        color: #666666;        margin: 6px 0 4px;        display: block;        height: 30px;        line-height: 30px;      }      @media only screen and (max-width : 320px) {        #bwg_container1_0 #bwg_container2_0 .displaying-num_0 {          display: none;        }      }      #bwg_container1_0 #bwg_container2_0 .displaying-num_0 {        font-size: 12px;        font-family: segoe ui;        font-weight: bold;        color: #666666;        margin-right: 10px;        vertical-align: middle;      }      #bwg_container1_0 #bwg_container2_0 .paging-input_0 {        font-size: 12px;        font-family: segoe ui;        font-weight: bold;        color: #666666;        vertical-align: middle;      }      #bwg_container1_0 #bwg_container2_0 .tablenav-pages_0 a.disabled,      #bwg_container1_0 #bwg_container2_0 .tablenav-pages_0 a.disabled:hover,      #bwg_container1_0 #bwg_container2_0 .tablenav-pages_0 a.disabled:focus {        cursor: default;        color: rgba(102, 102, 102, 0.5);      }      #bwg_container1_0 #bwg_container2_0 .tablenav-pages_0 a {        cursor: pointer;        font-size: 12px;        font-family: segoe ui;        font-weight: bold;        color: #666666;        text-decoration: none;        padding: 3px 6px;        margin: 0;        border-radius: 0;        border-style: solid;        border-width: 1px;        border-color: #E3E3E3;        background-color: #FFFFFF;        opacity: 1.00;        filter: Alpha(opacity=100);        box-shadow: 0;        transition: all 0.3s ease 0s;-webkit-transition: all 0.3s ease 0s;      }      #bwg_container1_0 #bwg_container2_0 .bwg_back_0 {        background-color: rgba(0, 0, 0, 0);        color: #000000 !important;        cursor: pointer;        display: block;        font-family: segoe ui;        font-size: 16px;        font-weight: bold;        text-decoration: none;        padding: 0;      }      #bwg_container1_0 #bwg_container2_0 #spider_popup_overlay_0 {        background-color: #000000;        opacity: 0.70;        filter: Alpha(opacity=70);      }     .bwg_play_icon_spun_0 {        width: inherit;        height: inherit;        display: table;        position: absolute;      }\t      .bwg_play_icon_0 {        color: #CCCCCC;        font-size: 32px;        vertical-align: middle;        display: table-cell !important;        z-index: 1;        text-align: center;        margin: 0 auto;      }    <\/style>    <div id=\"bwg_container1_0\">      <div id=\"bwg_container2_0\">        <form id=\"gal_front_form_0\" method=\"post\" action=\"#\">                    <div class=\"bwg_back_0\"><\/div>          <div style=\"background-color:rgba(0, 0, 0, 0); text-align: center; width:100%; position: relative;\">            <div id=\"ajax_loading_0\" style=\"position:absolute;width: 100%; z-index: 115; text-align: center; height: 100%; vertical-align: middle; display:none;\">              <div style=\"display: table; vertical-align: middle; width: 100%; height: 100%; background-color: #FFFFFF; opacity: 0.7; filter: Alpha(opacity=70);\">                <div style=\"display: table-cell; text-align: center; position: relative; vertical-align: middle;\" >                  <div id=\"loading_div_0\" class=\"spider_ajax_loading\" style=\"display: inline-block; text-align:center; position:relative; vertical-align:middle; background-image:url(https:\/\/haciendalaalegria.com\/es\/wp-content\/plugins\/photo-gallery\/images\/ajax_loader.png); float: none; width:50px;height:50px;background-size:50px 50px;\">                  <\/div>                <\/div>              <\/div>            <\/div>                        <div id=\"bwg_standart_thumbnails_0\" class=\"bwg_standart_thumbnails_0\">                              <a  class=\"bwg_lightbox_0\" href=\"https:\/\/haciendalaalegria.com\/es\/wp-content\/uploads\/photo-gallery\/IMG_0018_2.jpg\" data-image-id=\"55\">                  <span class=\"bwg_standart_thumb_0\">                                        <span class=\"bwg_standart_thumb_spun1_0\">                      <span class=\"bwg_standart_thumb_spun2_0\">                                                <img decoding=\"async\" class=\"bwg_standart_thumb_img_0 bwg_img_clear bwg_img_custom\" style=\"width:180px; height:135px; margin-left: 0px; margin-top: -22.5px;\" id=\"55\" src=\"https:\/\/haciendalaalegria.com\/es\/wp-content\/uploads\/photo-gallery\/thumb\/IMG_0018_2.jpg\" alt=\"IMG_0018_2\" \/>                      <\/span>                    <\/span>                                      <\/span>                <\/a>                                <a  class=\"bwg_lightbox_0\" href=\"https:\/\/haciendalaalegria.com\/es\/wp-content\/uploads\/photo-gallery\/IMG_1551.JPG\" data-image-id=\"54\">                  <span class=\"bwg_standart_thumb_0\">                                        <span class=\"bwg_standart_thumb_spun1_0\">                      <span class=\"bwg_standart_thumb_spun2_0\">                                                <img decoding=\"async\" class=\"bwg_standart_thumb_img_0 bwg_img_clear bwg_img_custom\" style=\"width:180px; height:135px; margin-left: 0px; margin-top: -22.5px;\" id=\"54\" src=\"https:\/\/haciendalaalegria.com\/es\/wp-content\/uploads\/photo-gallery\/thumb\/IMG_1551.JPG\" alt=\"IMG_1551\" \/>                      <\/span>                    <\/span>                                      <\/span>                <\/a>                                <a  class=\"bwg_lightbox_0\" href=\"https:\/\/haciendalaalegria.com\/es\/wp-content\/uploads\/photo-gallery\/IMG_3407.JPG\" data-image-id=\"53\">                  <span class=\"bwg_standart_thumb_0\">                                        <span class=\"bwg_standart_thumb_spun1_0\">                      <span class=\"bwg_standart_thumb_spun2_0\">                                                <img decoding=\"async\" class=\"bwg_standart_thumb_img_0 bwg_img_clear bwg_img_custom\" style=\"width:180px; height:240px; margin-left: 0px; margin-top: -75px;\" id=\"53\" src=\"https:\/\/haciendalaalegria.com\/es\/wp-content\/uploads\/photo-gallery\/thumb\/IMG_3407.JPG\" alt=\"IMG_3407\" \/>                      <\/span>                    <\/span>                                      <\/span>                <\/a>                                <a  class=\"bwg_lightbox_0\" href=\"https:\/\/haciendalaalegria.com\/es\/wp-content\/uploads\/photo-gallery\/IMG_9268.JPG\" data-image-id=\"52\">                  <span class=\"bwg_standart_thumb_0\">                                        <span class=\"bwg_standart_thumb_spun1_0\">                      <span class=\"bwg_standart_thumb_spun2_0\">                                                <img decoding=\"async\" class=\"bwg_standart_thumb_img_0 bwg_img_clear bwg_img_custom\" style=\"width:180px; height:135px; margin-left: 0px; margin-top: -22.5px;\" id=\"52\" src=\"https:\/\/haciendalaalegria.com\/es\/wp-content\/uploads\/photo-gallery\/thumb\/IMG_9268.JPG\" alt=\"IMG_9268\" \/>                      <\/span>                    <\/span>                                      <\/span>                <\/a>                                <a  class=\"bwg_lightbox_0\" href=\"https:\/\/haciendalaalegria.com\/es\/wp-content\/uploads\/photo-gallery\/IMG_2571.JPG\" data-image-id=\"51\">                  <span class=\"bwg_standart_thumb_0\">                                        <span class=\"bwg_standart_thumb_spun1_0\">                      <span class=\"bwg_standart_thumb_spun2_0\">                                                <img decoding=\"async\" class=\"bwg_standart_thumb_img_0 bwg_img_clear bwg_img_custom\" style=\"width:180px; height:135px; margin-left: 0px; margin-top: -22.5px;\" id=\"51\" src=\"https:\/\/haciendalaalegria.com\/es\/wp-content\/uploads\/photo-gallery\/thumb\/IMG_2571.JPG\" alt=\"IMG_2571\" \/>                      <\/span>                    <\/span>                                      <\/span>                <\/a>                                <a  class=\"bwg_lightbox_0\" href=\"https:\/\/haciendalaalegria.com\/es\/wp-content\/uploads\/photo-gallery\/IMG_2189.JPG\" data-image-id=\"50\">                  <span class=\"bwg_standart_thumb_0\">                                        <span class=\"bwg_standart_thumb_spun1_0\">                      <span class=\"bwg_standart_thumb_spun2_0\">                                                <img decoding=\"async\" class=\"bwg_standart_thumb_img_0 bwg_img_clear bwg_img_custom\" style=\"width:180px; height:135px; margin-left: 0px; margin-top: -22.5px;\" id=\"50\" src=\"https:\/\/haciendalaalegria.com\/es\/wp-content\/uploads\/photo-gallery\/thumb\/IMG_2189.JPG\" alt=\"IMG_2189\" \/>                      <\/span>                    <\/span>                                      <\/span>                <\/a>                                <a  class=\"bwg_lightbox_0\" href=\"https:\/\/haciendalaalegria.com\/es\/wp-content\/uploads\/photo-gallery\/IMG_1744.JPG\" data-image-id=\"49\">                  <span class=\"bwg_standart_thumb_0\">                                        <span class=\"bwg_standart_thumb_spun1_0\">                      <span class=\"bwg_standart_thumb_spun2_0\">                                                <img decoding=\"async\" class=\"bwg_standart_thumb_img_0 bwg_img_clear bwg_img_custom\" style=\"width:180px; height:135px; margin-left: 0px; margin-top: -22.5px;\" id=\"49\" src=\"https:\/\/haciendalaalegria.com\/es\/wp-content\/uploads\/photo-gallery\/thumb\/IMG_1744.JPG\" alt=\"IMG_1744\" \/>                      <\/span>                    <\/span>                                      <\/span>                <\/a>                                <a  class=\"bwg_lightbox_0\" href=\"https:\/\/haciendalaalegria.com\/es\/wp-content\/uploads\/photo-gallery\/horse\/montando2.jpg\" data-image-id=\"10\">                  <span class=\"bwg_standart_thumb_0\">                                        <span class=\"bwg_standart_thumb_spun1_0\">                      <span class=\"bwg_standart_thumb_spun2_0\">                                                <img decoding=\"async\" class=\"bwg_standart_thumb_img_0 bwg_img_clear bwg_img_custom\" style=\"width:180px; height:119.4px; margin-left: 0px; margin-top: -14.7px;\" id=\"10\" src=\"https:\/\/haciendalaalegria.com\/es\/wp-content\/uploads\/photo-gallery\/horse\/thumb\/montando2.jpg\" alt=\"montando2     \" \/>                      <\/span>                    <\/span>                                      <\/span>                <\/a>                                <a  class=\"bwg_lightbox_0\" href=\"https:\/\/haciendalaalegria.com\/es\/wp-content\/uploads\/photo-gallery\/horse\/LA ALEGRIA 9.jpg\" data-image-id=\"1\">                  <span class=\"bwg_standart_thumb_0\">                                        <span class=\"bwg_standart_thumb_spun1_0\">                      <span class=\"bwg_standart_thumb_spun2_0\">                                                <img decoding=\"async\" class=\"bwg_standart_thumb_img_0 bwg_img_clear bwg_img_custom\" style=\"width:180px; height:119.4px; margin-left: 0px; margin-top: -14.7px;\" id=\"1\" src=\"https:\/\/haciendalaalegria.com\/es\/wp-content\/uploads\/photo-gallery\/horse\/thumb\/LA ALEGRIA 9.jpg\" alt=\"LA ALEGRIA 9     \" \/>                      <\/span>                    <\/span>                                      <\/span>                <\/a>                            <\/div>                <span class=\"bwg_nav_cont_0\">        <div class=\"tablenav-pages_0\">          <\/div>          <input type=\"hidden\" id=\"page_number_0\" name=\"page_number_0\" value=\"1\" \/>    <script type=\"text\/javascript\">      function spider_page_0(cur, x, y, load_more) {        if (typeof load_more == \"undefined\") {          var load_more = false;        }        if (jQuery(cur).hasClass('disabled')) {          return false;        }        var items_county_0 = 1;        switch (y) {          case 1:            if (x >= items_county_0) {              document.getElementById('page_number_0').value = items_county_0;            }            else {              document.getElementById('page_number_0').value = x + 1;            }            break;          case 2:            document.getElementById('page_number_0').value = items_county_0;            break;          case -1:            if (x == 1) {              document.getElementById('page_number_0').value = 1;            }            else {              document.getElementById('page_number_0').value = x - 1;            }            break;          case -2:            document.getElementById('page_number_0').value = 1;            break;          default:            document.getElementById('page_number_0').value = 1;        }        spider_frontend_ajax('gal_front_form_0', '0', 'bwg_standart_thumbnails_0', '0', '', 'album', 0, '', '', load_more);      }      jQuery(document).ready(function() {        jQuery('.first-page-0').on('click', function() {          spider_page_0(this, 1, -2);        });        jQuery('.prev-page-0').on('click', function() {          spider_page_0(this, 1, -1);          return false;        });        jQuery('.next-page-0').on('click', function() {          spider_page_0(this, 1, 1);          return false;        });        jQuery('.last-page-0').on('click', function() {          spider_page_0(this, 1, 2);        });        jQuery('.bwg_load_btn_0').on('click', function() {          spider_page_0(this, 1, 1, true);          return false;        });      });    <\/script>    <\/span>              <\/div>        <\/form>        <div id=\"spider_popup_loading_0\" class=\"spider_popup_loading\"><\/div>        <div id=\"spider_popup_overlay_0\" class=\"spider_popup_overlay\" onclick=\"spider_destroypopup(1000)\"><\/div>      <\/div>    <\/div>    <script>            function bwg_gallery_box_0(image_id) {        var filterTags = jQuery(\"#bwg_tags_id_bwg_standart_thumbnails_0\" ).val() ? jQuery(\"#bwg_tags_id_bwg_standart_thumbnails_0\" ).val() : 0;        var filtersearchname = jQuery(\"#bwg_search_input_0\" ).val() ? jQuery(\"#bwg_search_input_0\" ).val() : '';        spider_createpopup('https:\/\/haciendalaalegria.com\/es\/wp-admin\/admin-ajax.php?tag_id=0&action=GalleryBox&current_view=0&gallery_id=1&theme_id=1&thumb_width=180&thumb_height=90&open_with_fullscreen=0&open_with_autoplay=0&image_width=800&image_height=500&image_effect=fade&wd_sor=order&wd_ord= asc &enable_image_filmstrip=1&image_filmstrip_height=70&enable_image_ctrl_btn=1&enable_image_fullscreen=1&popup_enable_info=1&popup_info_always_show=0&popup_info_full_width=0&popup_hit_counter=0&popup_enable_rate=0&slideshow_interval=5&enable_comment_social=1&enable_image_facebook=1&enable_image_twitter=1&enable_image_google=1&enable_image_pinterest=0&enable_image_tumblr=0&watermark_type=none&current_url&image_id=' + image_id + \"&filter_tag_0=\" +  filterTags + \"&filter_search_name_0=\" +  filtersearchname, '0', '800', '500', 1, 'testpopup', 5, \"bottom\");      }      function bwg_document_ready_0() {        var bwg_touch_flag = false;        jQuery(\".bwg_lightbox_0\").on(\"click\", function () {          if (!bwg_touch_flag) {            bwg_touch_flag = true;            setTimeout(function(){ bwg_touch_flag = false; }, 100);            bwg_gallery_box_0(jQuery(this).attr(\"data-image-id\"));            return false;          }        });      }      jQuery(document).ready(function () {        bwg_document_ready_0();      });    <\/script>    \n<p>Montar a caballo<\/p>\n<p>Hacienda La Alegria se especializa en vacaciones a caballo en el bello entorno de los Andes de Ecuador.<\/p>\n<p>Ofrecemos paseos de un d\u00eda para los viajeros con tiempo limitado, as\u00ed como programas de viajes de aventura de varios d\u00edas a caballo por las monta\u00f1as, bosques y p\u00e1ramos de los Andes. Los detalles de algunos de nuestros paseos se pueden encontrar en el men\u00fa a la derecha. Para mas de dos jinetes y en especial para familias podemos organizar itinerarios personalizados a sus necesidades, recomendamos Bosque Nublado o el Quilotoa Loop que se pueden realizar en las fechas que Usted escoja y son cabalgatas faciles de hasta 5 horas.<\/p>\n<p>Los Caballos y el Atalaje<\/p>\n<p>En la Hacienda La Alegria nuestros caballos son muy importantes. La mayor\u00eda han sido criados en la hacienda de cruza Criollo (nativo de Am\u00e9rica del Sur) con \u00e1rabe, andaluz, percheron, criollo uruguayo, criollo argentino, lo que resulta en una combinaci\u00f3n perfecta de la fortaleza, tenacidad, agilidad, temperamento tranquilo y la \u00abexperiencia de monta\u00f1a\u00bb. Principiantes y experimentados por igual han encontrado a nuestros caballos f\u00e1ciles de montar, de gran resistencia, siempre dispuestos y bien entrenados, caballos sin mana y muy d\u00f3ciles.<\/p>\n<p>Tenemos una amplia gama de Atalaje incluyendo sillas de vaquer\u00eda, gal\u00e1pago , McLellan y la preferida silla de ENDURANCE construida por nuestros artesanos de Machachi bajo nuestra direcci\u00f3n, que son elogiadas por todos los jinetes por la comodidad que ofrece para largos viajes.<\/p>\n<p><img loading=\"lazy\" decoding=\"async\" class=\"size-medium wp-image-1045\" src=\"http:\/\/haciendalaalegria.com\/es\/wp-content\/uploads\/2016\/02\/P5020056-300x225.jpg\" alt=\"OLYMPUS DIGITAL CAMERA\" width=\"300\" height=\"225\" srcset=\"https:\/\/haciendalaalegria.com\/es\/wp-content\/uploads\/2016\/02\/P5020056-300x225.jpg 300w, https:\/\/haciendalaalegria.com\/es\/wp-content\/uploads\/2016\/02\/P5020056-768x576.jpg 768w, https:\/\/haciendalaalegria.com\/es\/wp-content\/uploads\/2016\/02\/P5020056-1024x768.jpg 1024w, https:\/\/haciendalaalegria.com\/es\/wp-content\/uploads\/2016\/02\/P5020056-1200x900.jpg 1200w, https:\/\/haciendalaalegria.com\/es\/wp-content\/uploads\/2016\/02\/P5020056-800x600.jpg 800w, https:\/\/haciendalaalegria.com\/es\/wp-content\/uploads\/2016\/02\/P5020056-1440x1080.jpg 1440w\" sizes=\"auto, (max-width: 300px) 100vw, 300px\" \/><\/p>\n<p><img loading=\"lazy\" decoding=\"async\" class=\"size-medium wp-image-1046\" src=\"http:\/\/haciendalaalegria.com\/es\/wp-content\/uploads\/2016\/02\/P5230055-225x300.jpg\" alt=\"OLYMPUS DIGITAL CAMERA\" width=\"225\" height=\"300\" srcset=\"https:\/\/haciendalaalegria.com\/es\/wp-content\/uploads\/2016\/02\/P5230055-225x300.jpg 225w, https:\/\/haciendalaalegria.com\/es\/wp-content\/uploads\/2016\/02\/P5230055-768x1024.jpg 768w, https:\/\/haciendalaalegria.com\/es\/wp-content\/uploads\/2016\/02\/P5230055-1200x1600.jpg 1200w, https:\/\/haciendalaalegria.com\/es\/wp-content\/uploads\/2016\/02\/P5230055-600x800.jpg 600w, https:\/\/haciendalaalegria.com\/es\/wp-content\/uploads\/2016\/02\/P5230055-810x1080.jpg 810w\" sizes=\"auto, (max-width: 225px) 100vw, 225px\" \/><\/p>\n<p><img loading=\"lazy\" decoding=\"async\" class=\"alignnone size-medium wp-image-1047\" src=\"http:\/\/haciendalaalegria.com\/es\/wp-content\/uploads\/2016\/02\/MFR0343-300x201.jpg\" alt=\"_MFR0343\" width=\"300\" height=\"201\" srcset=\"https:\/\/haciendalaalegria.com\/es\/wp-content\/uploads\/2016\/02\/MFR0343-300x201.jpg 300w, https:\/\/haciendalaalegria.com\/es\/wp-content\/uploads\/2016\/02\/MFR0343-768x514.jpg 768w, https:\/\/haciendalaalegria.com\/es\/wp-content\/uploads\/2016\/02\/MFR0343-1024x685.jpg 1024w, https:\/\/haciendalaalegria.com\/es\/wp-content\/uploads\/2016\/02\/MFR0343-1200x803.jpg 1200w, https:\/\/haciendalaalegria.com\/es\/wp-content\/uploads\/2016\/02\/MFR0343-1613x1080.jpg 1613w\" sizes=\"auto, (max-width: 300px) 100vw, 300px\" \/><\/p>\n<p><img loading=\"lazy\" decoding=\"async\" class=\"alignnone size-medium wp-image-1048\" src=\"http:\/\/haciendalaalegria.com\/es\/wp-content\/uploads\/2016\/02\/allegria-62-300x249.jpg\" alt=\"allegria (62)\" width=\"300\" height=\"249\" srcset=\"https:\/\/haciendalaalegria.com\/es\/wp-content\/uploads\/2016\/02\/allegria-62-300x249.jpg 300w, https:\/\/haciendalaalegria.com\/es\/wp-content\/uploads\/2016\/02\/allegria-62-768x638.jpg 768w, https:\/\/haciendalaalegria.com\/es\/wp-content\/uploads\/2016\/02\/allegria-62-1024x850.jpg 1024w, https:\/\/haciendalaalegria.com\/es\/wp-content\/uploads\/2016\/02\/allegria-62-1200x996.jpg 1200w, https:\/\/haciendalaalegria.com\/es\/wp-content\/uploads\/2016\/02\/allegria-62-1301x1080.jpg 1301w, https:\/\/haciendalaalegria.com\/es\/wp-content\/uploads\/2016\/02\/allegria-62.jpg 1822w\" sizes=\"auto, (max-width: 300px) 100vw, 300px\" \/><\/p>\n","protected":false},"excerpt":{"rendered":"<p>Montar a caballo Hacienda La Alegria se especializa en vacaciones a caballo en el bello entorno de los Andes de Ecuador. Ofrecemos paseos de un d\u00eda para los viajeros con tiempo limitado, as\u00ed como programas de viajes de aventura de varios d\u00edas a caballo por las monta\u00f1as, bosques y p\u00e1ramos de los Andes. Los detalles de algunos de nuestros paseos &hellip;<\/p>\n","protected":false},"author":1,"featured_media":0,"parent":0,"menu_order":0,"comment_status":"closed","ping_status":"closed","template":"templates\/page-full-width.php","meta":{"footnotes":""},"class_list":["post-804","page","type-page","status-publish","hentry"],"_links":{"self":[{"href":"https:\/\/haciendalaalegria.com\/es\/wp-json\/wp\/v2\/pages\/804","targetHints":{"allow":["GET"]}}],"collection":[{"href":"https:\/\/haciendalaalegria.com\/es\/wp-json\/wp\/v2\/pages"}],"about":[{"href":"https:\/\/haciendalaalegria.com\/es\/wp-json\/wp\/v2\/types\/page"}],"author":[{"embeddable":true,"href":"https:\/\/haciendalaalegria.com\/es\/wp-json\/wp\/v2\/users\/1"}],"replies":[{"embeddable":true,"href":"https:\/\/haciendalaalegria.com\/es\/wp-json\/wp\/v2\/comments?post=804"}],"version-history":[{"count":10,"href":"https:\/\/haciendalaalegria.com\/es\/wp-json\/wp\/v2\/pages\/804\/revisions"}],"predecessor-version":[{"id":1176,"href":"https:\/\/haciendalaalegria.com\/es\/wp-json\/wp\/v2\/pages\/804\/revisions\/1176"}],"wp:attachment":[{"href":"https:\/\/haciendalaalegria.com\/es\/wp-json\/wp\/v2\/media?parent=804"}],"curies":[{"name":"wp","href":"https:\/\/api.w.org\/{rel}","templated":true}]}}