{"id":909,"date":"2016-03-25T15:06:44","date_gmt":"2016-03-25T15:06:44","guid":{"rendered":"http:\/\/haciendalaalegria.com\/es\/?page_id=909"},"modified":"2016-05-11T17:50:05","modified_gmt":"2016-05-11T17:50:05","slug":"paseo-2016","status":"publish","type":"page","link":"https:\/\/haciendalaalegria.com\/es\/paseo-2016\/","title":{"rendered":"Fechas de Cabalgata  2016"},"content":{"rendered":"<table border=\"0\" cellspacing=\"0\" cellpadding=\"0\">\n<tbody>\n<tr>\n<td><span class=\"notranslate\">27-4 marzo QUILOTOA BUCLE<\/span><\/td>\n<\/tr>\n<tr>\n<td><span class=\"notranslate\">4-15 de marzo\u00a0 EXPEDICI\u00d3N ANDES SALVAJES<\/span><\/td>\n<\/tr>\n<tr>\n<td><span class=\"notranslate\"> 18-26 de marzo de Volc\u00e1n Ride<\/span><\/td>\n<\/tr>\n<tr>\n<td><span class=\"notranslate\"> 8-16 de abril de Volc\u00e1n Ride<\/span><\/td>\n<\/tr>\n<tr>\n<td><span class=\"notranslate\"> 20-28 de mayo de paseo en Volc\u00e1n<\/span><\/td>\n<\/tr>\n<tr>\n<td><span class=\"notranslate\"> 17-25 de junio de Volc\u00e1n Ride<\/span><\/td>\n<\/tr>\n<tr>\n<td><span class=\"notranslate\"> 1-09 de julio de Volc\u00e1n Ride<\/span><\/td>\n<\/tr>\n<tr>\n<td><span class=\"notranslate\"> 13-24 de julio de Chagra desfile<\/span><\/td>\n<\/tr>\n<tr>\n<td><span class=\"notranslate\">12-23 de de agosto EXPEDICI\u00d3N SALVAJE DE LOS ANDES<\/span><\/td>\n<\/tr>\n<tr>\n<td><span class=\"notranslate\">2-13 Sep EXPEDICI\u00d3N SALVAJE DE LOS ANDES<br \/>\n<\/span><\/td>\n<\/tr>\n<tr>\n<td><span class=\"notranslate\"> De 7-15 de octubre de paseo en Volc\u00e1n<\/span><\/td>\n<\/tr>\n<tr>\n<td><span class=\"notranslate\"> 04-12 Nov Volc\u00e1n Ride<\/span><\/td>\n<\/tr>\n<tr>\n<td><span class=\"notranslate\">18-29 de Nov EXPEDICI\u00d3N SALVAJE DE LOS ANDES<br \/>\n<\/span><\/td>\n<\/tr>\n<tr>\n<td><span class=\"notranslate\">9-20 Dic EXPEDICI\u00d3N SALVAJE DE LOS ANDES<br \/>\n<\/span><\/td>\n<\/tr>\n<\/tbody>\n<\/table>\n","protected":false},"excerpt":{"rendered":"<p>27-4 marzo QUILOTOA BUCLE 4-15 de marzo\u00a0 EXPEDICI\u00d3N ANDES SALVAJES 18-26 de marzo de Volc\u00e1n Ride 8-16 de abril de Volc\u00e1n Ride 20-28 de mayo de paseo en Volc\u00e1n 17-25 de junio de Volc\u00e1n Ride 1-09 de julio de Volc\u00e1n Ride 13-24 de julio de Chagra desfile 12-23 de de agosto EXPEDICI\u00d3N SALVAJE DE LOS ANDES 2-13 Sep EXPEDICI\u00d3N SALVAJE &hellip;<\/p>\n","protected":false},"author":1,"featured_media":912,"parent":0,"menu_order":0,"comment_status":"closed","ping_status":"closed","template":"templates\/page-full-width.php","meta":{"footnotes":""},"class_list":["post-909","page","type-page","status-publish","has-post-thumbnail","hentry"],"_links":{"self":[{"href":"https:\/\/haciendalaalegria.com\/es\/wp-json\/wp\/v2\/pages\/909","targetHints":{"allow":["GET"]}}],"collection":[{"href":"https:\/\/haciendalaalegria.com\/es\/wp-json\/wp\/v2\/pages"}],"about":[{"href":"https:\/\/haciendalaalegria.com\/es\/wp-json\/wp\/v2\/types\/page"}],"author":[{"embeddable":true,"href":"https:\/\/haciendalaalegria.com\/es\/wp-json\/wp\/v2\/users\/1"}],"replies":[{"embeddable":true,"href":"https:\/\/haciendalaalegria.com\/es\/wp-json\/wp\/v2\/comments?post=909"}],"version-history":[{"count":5,"href":"https:\/\/haciendalaalegria.com\/es\/wp-json\/wp\/v2\/pages\/909\/revisions"}],"predecessor-version":[{"id":1001,"href":"https:\/\/haciendalaalegria.com\/es\/wp-json\/wp\/v2\/pages\/909\/revisions\/1001"}],"wp:featuredmedia":[{"embeddable":true,"href":"https:\/\/haciendalaalegria.com\/es\/wp-json\/wp\/v2\/media\/912"}],"wp:attachment":[{"href":"https:\/\/haciendalaalegria.com\/es\/wp-json\/wp\/v2\/media?parent=909"}],"curies":[{"name":"wp","href":"https:\/\/api.w.org\/{rel}","templated":true}]}}