{"id":917,"date":"2016-03-25T15:36:27","date_gmt":"2016-03-25T15:36:27","guid":{"rendered":"http:\/\/haciendalaalegria.com\/es\/?page_id=917"},"modified":"2016-03-28T17:46:07","modified_gmt":"2016-03-28T17:46:07","slug":"que-traer","status":"publish","type":"page","link":"https:\/\/haciendalaalegria.com\/es\/que-traer\/","title":{"rendered":"\u00bfQue traer?"},"content":{"rendered":"<p><span class=\"notranslate\"><strong>Lista de empaque<\/strong><\/span><\/p>\n<p style=\"text-align: justify;\"><span class=\"notranslate\"> La siguiente es una lista de equipo personal necesario para excursiones a varios d\u00edas a caballo.<\/span> <span class=\"notranslate\"> Las temperaturas diurnas pueden variar considerablemente en las monta\u00f1as (65 \u00b0 F durante el d\u00eda, 30\u00ba F) durante la noche.<\/span> <span class=\"notranslate\"> Las temperaturas medias oscilar\u00e1n en los a\u00f1os 50.<\/span><\/p>\n<p style=\"text-align: justify;\"><span class=\"notranslate\"> <strong>Ropa:<\/strong><\/span><\/p>\n<p style=\"text-align: justify;\"><span class=\"notranslate\"> Camisa: algod\u00f3n o lana, de manga larga o cuello alto<\/span><br \/>\n<span class=\"notranslate\"> Su\u00e9ter: lana pesada o la lana su\u00e9ter o chaleco<\/span><br \/>\n<span class=\"notranslate\"> Pantalones: Integral, de lana, de mezcla, o pilotes u otros pantalones calientes.<\/span><br \/>\n<span class=\"notranslate\"> Ropa interior: Ligero (polipropileno) ropa interior t\u00e9rmica, superior e inferior<\/span><br \/>\n<span class=\"notranslate\"> Accesorio de cabeza: el pa\u00f1uelo y gafas de sol.<\/span><br \/>\n<span class=\"notranslate\"> Chaquetas: Aislado de Gore-Tex o parka de monta\u00f1a para la lluvia y el viento (importante)<\/span><br \/>\n<span class=\"notranslate\"> Guantes: polipropileno, a prueba de agua recomendada<\/span><br \/>\n<span class=\"notranslate\"> Calcetines: lana o polipropileno<\/span><br \/>\n<span class=\"notranslate\"> Calzado: botas de monta\u00f1a ligeras<\/span><\/p>\n<p style=\"text-align: justify;\"><span class=\"notranslate\"> <strong>Accesorios:<\/strong><\/span><br \/>\n<span class=\"notranslate\"> Kit cosm\u00e9tico (reducir al m\u00ednimo)<\/span><br \/>\n<span class=\"notranslate\"> Gafas de sol<\/span><br \/>\n<span class=\"notranslate\"> +30 lociones y ung\u00fcentos l\u00e1piz labial (importante) que bloquea el sol<\/span><br \/>\n<span class=\"notranslate\"> Flash<\/span><br \/>\n<span class=\"notranslate\"> toallita<\/span><br \/>\n<span class=\"notranslate\"> bater\u00edas adicionales de la c\u00e1mara<\/span><\/p>\n","protected":false},"excerpt":{"rendered":"<p>Lista de empaque La siguiente es una lista de equipo personal necesario para excursiones a varios d\u00edas a caballo. Las temperaturas diurnas pueden variar considerablemente en las monta\u00f1as (65 \u00b0 F durante el d\u00eda, 30\u00ba F) durante la noche. Las temperaturas medias oscilar\u00e1n en los a\u00f1os 50. Ropa: Camisa: algod\u00f3n o lana, de manga larga o cuello alto Su\u00e9ter: lana &hellip;<\/p>\n","protected":false},"author":1,"featured_media":918,"parent":0,"menu_order":0,"comment_status":"closed","ping_status":"closed","template":"templates\/page-full-width.php","meta":{"footnotes":""},"class_list":["post-917","page","type-page","status-publish","has-post-thumbnail","hentry"],"_links":{"self":[{"href":"https:\/\/haciendalaalegria.com\/es\/wp-json\/wp\/v2\/pages\/917","targetHints":{"allow":["GET"]}}],"collection":[{"href":"https:\/\/haciendalaalegria.com\/es\/wp-json\/wp\/v2\/pages"}],"about":[{"href":"https:\/\/haciendalaalegria.com\/es\/wp-json\/wp\/v2\/types\/page"}],"author":[{"embeddable":true,"href":"https:\/\/haciendalaalegria.com\/es\/wp-json\/wp\/v2\/users\/1"}],"replies":[{"embeddable":true,"href":"https:\/\/haciendalaalegria.com\/es\/wp-json\/wp\/v2\/comments?post=917"}],"version-history":[{"count":2,"href":"https:\/\/haciendalaalegria.com\/es\/wp-json\/wp\/v2\/pages\/917\/revisions"}],"predecessor-version":[{"id":940,"href":"https:\/\/haciendalaalegria.com\/es\/wp-json\/wp\/v2\/pages\/917\/revisions\/940"}],"wp:featuredmedia":[{"embeddable":true,"href":"https:\/\/haciendalaalegria.com\/es\/wp-json\/wp\/v2\/media\/918"}],"wp:attachment":[{"href":"https:\/\/haciendalaalegria.com\/es\/wp-json\/wp\/v2\/media?parent=917"}],"curies":[{"name":"wp","href":"https:\/\/api.w.org\/{rel}","templated":true}]}}